{"id":11,"date":"2026-04-02T09:02:29","date_gmt":"2026-04-02T09:02:29","guid":{"rendered":"https:\/\/estaminetsaintgilles.fr\/?page_id=11"},"modified":"2026-04-09T08:38:18","modified_gmt":"2026-04-09T08:38:18","slug":"estaminet-saint-gilles","status":"publish","type":"page","link":"https:\/\/estaminetsaintgilles.fr\/","title":{"rendered":"Estaminet Saint Gilles"},"content":{"rendered":"<div class=\"et_pb_section_0 et_pb_section et_section_regular et_block_section\">\n<div class=\"et_pb_row_0 et_pb_row et_block_row\">\n<div class=\"et_pb_column_0 et_pb_column et_pb_column_4_4 et-last-child et_block_column et_pb_css_mix_blend_mode_passthrough\">\n<div class=\"et_pb_text_0 et_pb_text et_pb_bg_layout_dark et_animated et_pb_module et_block_module et_pb_text_align_center\"><div class=\"et_pb_text_inner\"><h1><span style=\"font-size: x-large;\"><img loading=\"lazy\" decoding=\"async\" src=\"http:\/\/estaminetsaintgilles.fr\/wp-content\/uploads\/2026\/04\/logosaintgilles-300x106.png\" width=\"300\" height=\"106\" alt=\"\" class=\"wp-image-82 alignnone size-medium\" \/><br \/>BIENVENUE \u00e0 la maison<\/span><\/h1>\n<\/div><\/div>\n\n<div class=\"et_pb_text_1 et_pb_text et_pb_bg_layout_dark et_animated et_pb_module et_block_module et_pb_text_align_center\"><div class=\"et_pb_text_inner\"><p>Authenticit\u00e9, G\u00e9n\u00e9rosit\u00e9 et Convicialit\u00e9 au coeur de Craywick<\/p>\n<\/div><\/div>\n\n<div class=\"et_pb_module et_pb_button_module_wrapper et_pb_button_0_wrapper\"><a class=\"et_pb_button_0 et_pb_button et_pb_bg_layout_light et_animated et_pb_module et_block_module\" href=\"\">R\u00e9server ma table<\/a><\/div>\n<\/div>\n<\/div>\n<\/div>\n\n<div class=\"et_pb_section_1 et_pb_section et_section_regular et_block_section\">\n<div class=\"et_pb_row_1 et_pb_row et_block_row\">\n<div class=\"et_pb_column_1 et_pb_column et_pb_column_1_2 et_block_column et_pb_css_mix_blend_mode_passthrough\">\n<div class=\"et_pb_image_0 et_pb_image et_pb_module et_block_module\"><span class=\"et_pb_image_wrap has-box-shadow-overlay\"><div class=\"box-shadow-overlay\"><\/div><img loading=\"lazy\" decoding=\"async\" src=\"https:\/\/estaminetsaintgilles.fr\/wp-content\/uploads\/2026\/03\/butcher-image-26.jpg\" width=\"600\" height=\"874\" srcset=\"https:\/\/estaminetsaintgilles.fr\/wp-content\/uploads\/2026\/03\/butcher-image-26.jpg 600w, https:\/\/estaminetsaintgilles.fr\/wp-content\/uploads\/2026\/03\/butcher-image-26-480x699.jpg 480w\" sizes=\"(min-width: 0px) and (max-width: 480px) 480px, (min-width: 481px) 600px, 100vw\" class=\"wp-image-33\" \/><\/span><\/div>\n<\/div>\n\n<div class=\"et_pb_column_2 et_pb_column et_pb_column_1_2 et-last-child et_block_column et_pb_css_mix_blend_mode_passthrough\">\n<div class=\"et_pb_text_2 et_pb_text et_pb_bg_layout_light et_pb_module et_block_module\"><div class=\"et_pb_text_inner\"><h4>Since 1964<\/h4>\n<h2>L'\u00c2me de l'Estaminet<\/h2>\n<\/div><\/div>\n\n<div class=\"et_pb_text_3 et_pb_text et_pb_bg_layout_light et_pb_module et_block_module et_pb_text_align_justified\"><div class=\"et_pb_text_inner\"><p class=\"mb-4\">L'Estaminet Saint-Gilles n'est pas qu'un restaurant, c'est un morceau d'histoire de Craywick. Repris r\u00e9cemment, nous avons voulu pr\u00e9server l'\u00e2me des lieux : les briques rouges, le bois patin\u00e9 et cette odeur rassurante de cuisine mijot\u00e9e.<\/p>\n<p>Notre philosophie est simple : <strong>g\u00e9n\u00e9rosit\u00e9 et authenticit\u00e9<\/strong>. Ici, pas de chichis. On rit fort, on mange bien, et on prend le temps de vivre. C'est l'endroit id\u00e9al pour retrouver le go\u00fbt des plats d'antan, dans une ambiance qui vous rappellera les dimanches chez grand-m\u00e8re.<\/p>\n<\/div><\/div>\n<\/div>\n<\/div>\n<\/div>\n\n<div class=\"et_pb_section_2 et_pb_section et_section_regular et_block_section\">\n<div class=\"et_pb_row_2 et_pb_row et_block_row\">\n<div class=\"et_pb_column_3 et_pb_column et_pb_column_4_4 et-last-child et_block_column et_pb_css_mix_blend_mode_passthrough\">\n<div class=\"et_pb_text_4 et_pb_text et_pb_bg_layout_light et_pb_bg_layout_light_hover et_pb_module et_block_module et_pb_text_align_center\"><div class=\"et_pb_text_inner\"><h2>NOS BOISSONS<\/h2>\n<\/div><\/div>\n<\/div>\n<\/div>\n\n<div class=\"et_pb_row_3 et_pb_row et_block_row\">\n<div class=\"et_pb_column_4 et_pb_column et_pb_column_1_3 et_block_column et_pb_css_mix_blend_mode_passthrough\">\n<div class=\"et_pb_text_5 et_pb_text et_pb_bg_layout_light et_pb_module et_block_module preset--module--divi-text--1d866de3-b108-4c5f-bed3-2da9506a6915\"><div class=\"et_pb_text_inner\"><h4>Lorem Ipsum<\/h4>\n<\/div><\/div>\n\n<div class=\"et_pb_text_6 et_pb_text et_pb_bg_layout_light et_pb_module et_block_module preset--module--divi-text--0d1dcb4c-f28c-4a41-972c-ecb508cfdc14\"><div class=\"et_pb_text_inner\"><p>Nulla porttitor accumsan tincidunt. Donec sollicitudin molestie malesuada.<\/p>\n<\/div><\/div>\n\n<div class=\"et_pb_text_7 et_pb_text et_pb_bg_layout_light et_pb_module et_block_module preset--module--divi-text--16a54059-cc81-4572-9c70-eda6a6c419bf\"><div class=\"et_pb_text_inner\"><p>$10<\/p>\n<\/div><\/div>\n<\/div>\n\n<div class=\"et_pb_column_5 et_pb_column et_pb_column_1_3 et_block_column et_pb_css_mix_blend_mode_passthrough\">\n<div class=\"et_pb_text_8 et_pb_text et_pb_bg_layout_light et_pb_module et_block_module preset--module--divi-text--1d866de3-b108-4c5f-bed3-2da9506a6915\"><div class=\"et_pb_text_inner\"><h4>Dolor Amet<\/h4>\n<\/div><\/div>\n\n<div class=\"et_pb_text_9 et_pb_text et_pb_bg_layout_light et_pb_module et_block_module preset--module--divi-text--0d1dcb4c-f28c-4a41-972c-ecb508cfdc14\"><div class=\"et_pb_text_inner\"><p>Nulla porttitor accumsan tincidunt. Donec sollicitudin molestie malesuada.<\/p>\n<\/div><\/div>\n\n<div class=\"et_pb_text_10 et_pb_text et_pb_bg_layout_light et_pb_module et_block_module preset--module--divi-text--16a54059-cc81-4572-9c70-eda6a6c419bf\"><div class=\"et_pb_text_inner\"><p>$10<\/p>\n<\/div><\/div>\n<\/div>\n\n<div class=\"et_pb_column_6 et_pb_column et_pb_column_1_3 et-last-child et_block_column et_pb_css_mix_blend_mode_passthrough\">\n<div class=\"et_pb_text_11 et_pb_text et_pb_bg_layout_light et_pb_module et_block_module preset--module--divi-text--1d866de3-b108-4c5f-bed3-2da9506a6915\"><div class=\"et_pb_text_inner\"><h4>Sitet sur<\/h4>\n<\/div><\/div>\n\n<div class=\"et_pb_text_12 et_pb_text et_pb_bg_layout_light et_pb_module et_block_module preset--module--divi-text--0d1dcb4c-f28c-4a41-972c-ecb508cfdc14\"><div class=\"et_pb_text_inner\"><p>Nulla porttitor accumsan tincidunt. Donec sollicitudin molestie malesuada.<\/p>\n<\/div><\/div>\n\n<div class=\"et_pb_text_13 et_pb_text et_pb_bg_layout_light et_pb_module et_block_module preset--module--divi-text--16a54059-cc81-4572-9c70-eda6a6c419bf\"><div class=\"et_pb_text_inner\"><p>$10<\/p>\n<\/div><\/div>\n<\/div>\n<\/div>\n\n<div class=\"et_pb_row_4 et_pb_row et_block_row\">\n<div class=\"et_pb_column_7 et_pb_column et_pb_column_4_4 et-last-child et_block_column et_pb_css_mix_blend_mode_passthrough\">\n<div class=\"et_pb_text_14 et_pb_text et_pb_bg_layout_light et_pb_bg_layout_light_hover et_pb_module et_block_module et_pb_text_align_center\"><div class=\"et_pb_text_inner\"><h2>NOS PLATS<\/h2>\n<\/div><\/div>\n<\/div>\n<\/div>\n\n<div class=\"et_pb_row_5 et_pb_row et_block_row\">\n<div class=\"et_pb_column_8 et_pb_column et_pb_column_4_4 et-last-child et_block_column et_pb_css_mix_blend_mode_passthrough\">\n<div class=\"et_pb_text_15 et_pb_text et_pb_bg_layout_light et_pb_module et_block_module et_pb_text_align_center\"><div class=\"et_pb_text_inner\"><p>Des produits d'ici, cuisin\u00e9es avec coeur.<\/p>\n<\/div><\/div>\n\n<div class=\"et_pb_text_16 et_pb_text et_pb_bg_layout_light et_pb_module et_block_module et_pb_text_align_center\"><div class=\"et_pb_text_inner\"><h4>100% Frais<\/h4>\n<\/div><\/div>\n\n<div class=\"et_pb_module et_pb_button_module_wrapper et_pb_button_1_wrapper\"><a class=\"et_pb_button_1 et_pb_button et_pb_bg_layout_light et_pb_module et_block_module\" href=\"https:\/\/www.facebook.com\/estaminet.stgilles\">Voir la carte<\/a><\/div>\n<\/div>\n<\/div>\n<\/div>\n\n<div class=\"et_pb_section_3 et_pb_section et_section_regular et_block_section\">\n<div class=\"et_pb_row_6 et_pb_row et_block_row\">\n<div class=\"et_pb_column_9 et_pb_column et_pb_column_4_4 et-last-child et_block_column et_pb_css_mix_blend_mode_passthrough\">\n<div class=\"et_pb_text_17 et_pb_text et_pb_bg_layout_dark et_pb_bg_layout_light_hover et_pb_module et_block_module et_pb_text_align_center\"><div class=\"et_pb_text_inner\"><h2>Nous contacter<\/h2>\n<\/div><\/div>\n<\/div>\n<\/div>\n\n<div class=\"et_pb_row_7 et_pb_row et_flex_row\">\n<div class=\"et_pb_column_10 et_pb_column et_flex_column et_pb_css_mix_blend_mode_passthrough et_flex_column_12_24 et_flex_column_12_24_tablet et_flex_column_24_24_phone\">\n<div class=\"et_pb_map_0 et_pb_map_container et_pb_module et_flex_module\" data-grayscale=\"\"><div class=\"et_pb_map\" data-center-lat=\"37.7749295\" data-center-lng=\"-122.4194155\" data-zoom=\"18\" data-mouse-wheel=\"off\" data-mobile-dragging=\"on\"><\/div>\n<div class=\"et_pb_map_pin_0 et_pb_map_pin\" data-lat=\"37.7749295\" data-lng=\"-122.4194155\" data-title=\"\"><\/div>\n<\/div>\n<\/div>\n\n<div class=\"et_pb_column_11 et_pb_column et-last-child et_flex_column et_pb_css_mix_blend_mode_passthrough et_flex_column_12_24 et_flex_column_12_24_tablet et_flex_column_24_24_phone\">\n<div class=\"et_pb_contact_form_0 et_pb_contact_form_container clearfix et_pb_recaptcha_enabled et_pb_module et_flex_module\" data-form_unique_num=\"0\" data-form_unique_id=\"1e1ccc4c-b0da-48c7-9e5a-1d83293e5317\" id=\"et_pb_contact_form_1e1ccc4c-b0da-48c7-9e5a-1d83293e5317\"><div class=\"et-pb-contact-message\"><\/div><div class=\"et_pb_contact\"><form class=\"et_pb_contact_form et_flex_module\" method=\"post\" action=\"https:\/\/estaminetsaintgilles.fr\/index.php\/wp-json\/wp\/v2\/pages\/11\">\n<div class=\"et_pb_contact_field_0 et_pb_contact_field et_pb_module et_grid_module et_flex_column_24_24 et_flex_column_24_24_tablet et_flex_column_24_24_phone\" data-id=\"nom\" data-type=\"input\"><label class=\"et_pb_contact_form_label\" for=\"et_pb_contact_0_nom_0\">Nom<\/label><input type=\"text\" name=\"et_pb_contact_0_nom_0\" id=\"et_pb_contact_0_nom_0\" class=\"input\" data-required_mark=\"required\" data-field_type=\"input\" data-original_id=\"nom\" placeholder=\"Nom\" title=\"\" value=\"\" \/><\/div>\n\n<div class=\"et_pb_contact_field_1 et_pb_contact_field et_pb_module et_grid_module et_flex_column_24_24 et_flex_column_24_24_tablet et_flex_column_24_24_phone\" data-id=\"prenom\" data-type=\"input\"><label class=\"et_pb_contact_form_label\" for=\"et_pb_contact_0_prenom_1\">Prenom<\/label><input type=\"text\" name=\"et_pb_contact_0_prenom_1\" id=\"et_pb_contact_0_prenom_1\" class=\"input\" data-required_mark=\"required\" data-field_type=\"input\" data-original_id=\"prenom\" placeholder=\"Prenom\" title=\"\" value=\"\" \/><\/div>\n\n<div class=\"et_pb_contact_field_2 et_pb_contact_field et_pb_module et_grid_module et_flex_column_24_24 et_flex_column_24_24_tablet et_flex_column_24_24_phone\" data-id=\"telephone\" data-type=\"input\"><label class=\"et_pb_contact_form_label\" for=\"et_pb_contact_0_telephone_2\">Num\u00e9ro de t\u00e9l\u00e9phone<\/label><input type=\"text\" name=\"et_pb_contact_0_telephone_2\" id=\"et_pb_contact_0_telephone_2\" class=\"input\" data-required_mark=\"required\" data-field_type=\"input\" data-original_id=\"telephone\" placeholder=\"Num\u00e9ro de t\u00e9l\u00e9phone\" title=\"\" value=\"\" \/><\/div>\n\n<div class=\"et_pb_contact_field_3 et_pb_contact_field et_pb_module et_grid_module et_flex_column_24_24 et_flex_column_24_24_tablet et_flex_column_24_24_phone\" data-id=\"email\" data-type=\"email\"><label class=\"et_pb_contact_form_label\" for=\"et_pb_contact_0_email_3\">Adresse Email<\/label><input type=\"text\" name=\"et_pb_contact_0_email_3\" id=\"et_pb_contact_0_email_3\" class=\"input\" data-required_mark=\"required\" data-field_type=\"email\" data-original_id=\"email\" placeholder=\"Adresse Email\" title=\"\" value=\"\" \/><\/div>\n\n<div class=\"et_pb_contact_field_4 et_pb_contact_field et_pb_module et_flex_module et_flex_column_24_24 et_flex_column_24_24_tablet et_flex_column_24_24_phone\" data-id=\"message\" data-type=\"text\"><label class=\"et_pb_contact_form_label\" for=\"et_pb_contact_0_message_4\">Message<\/label><textarea name=\"et_pb_contact_0_message_4\" id=\"et_pb_contact_0_message_4\" class=\"et_pb_contact_message input\" data-required_mark=\"required\" data-field_type=\"text\" data-original_id=\"message\" placeholder=\"Message\"><\/textarea><\/div>\n<input type=\"hidden\" name=\"et_pb_contactform_submit_1e1ccc4c-b0da-48c7-9e5a-1d83293e5317\" value=\"et_contact_proccess\" \/><div class=\"et_contact_bottom_container\"><div class=\"et_pb_button_wrapper\"><button type=\"submit\" name=\"et_builder_submit_button\" class=\"et_pb_button et_pb_contact_submit\">ENVOYER<\/button><\/div><\/div><input type=\"hidden\" id=\"_wpnonce-et-pb-contact-form-submitted-1e1ccc4c-b0da-48c7-9e5a-1d83293e5317\" name=\"_wpnonce-et-pb-contact-form-submitted-1e1ccc4c-b0da-48c7-9e5a-1d83293e5317\" value=\"1893c42a5e\" \/><input type=\"hidden\" name=\"_wp_http_referer\" value=\"\/index.php\/wp-json\/wp\/v2\/pages\/11\" \/><\/form><\/div><\/div>\n<\/div>\n<\/div>\n\n<div class=\"et_pb_row_8 et_pb_row et_flex_row\">\n<div class=\"et_pb_column_12 et_pb_column et_block_column et_pb_css_mix_blend_mode_passthrough et_flex_column_8_24 et_flex_column_8_24_tablet et_flex_column_24_24_phone\">\n<div class=\"et_pb_text_18 et_pb_text et_pb_bg_layout_dark et_pb_bg_layout_light_hover et_pb_module et_block_module\"><div class=\"et_pb_text_inner\"><h3>Nos horaires<\/h3>\n<p>Lundi - Mardi: <strong>Ferm\u00e9<\/strong><br \/><span style=\"font-size: 16px;\">Mercredi - Jeudi : <strong>12h - 14h<\/strong><br \/><\/span><span style=\"font-size: 16px;\">Vendredi - Samedi : <strong>12h - 14h \/ 19h - 22h<br \/>Dimanche : 12h - 15h<br \/><\/strong><\/span><\/p>\n<\/div><\/div>\n<\/div>\n\n<div class=\"et_pb_column_13 et_pb_column et_block_column et_pb_css_mix_blend_mode_passthrough et_flex_column_8_24 et_flex_column_8_24_tablet et_flex_column_24_24_phone\">\n<div class=\"et_pb_text_19 et_pb_text et_pb_bg_layout_dark et_pb_bg_layout_light_hover et_pb_module et_block_module\"><div class=\"et_pb_text_inner\"><h3>Visit Us<\/h3>\n<p>We are located on the corner of Divi and Extra in Downtown San Franciosco<\/p>\n<\/div><\/div>\n<\/div>\n\n<div class=\"et_pb_column_14 et_pb_column et-last-child et_block_column et_pb_css_mix_blend_mode_passthrough et_flex_column_8_24 et_flex_column_8_24_tablet et_flex_column_24_24_phone\">\n<div class=\"et_pb_text_20 et_pb_text et_pb_bg_layout_dark et_pb_bg_layout_light_hover et_pb_module et_block_module\"><div class=\"et_pb_text_inner\"><h3>Estaminet<\/h3>\n<p><a href=\"mailto:info@divi\">c<\/a>ontact@estaminetsaintgilles.fr<\/p>\n<p>(+33) 6 00 00 00 00<\/p>\n<p>Rue de l'\u00c9glise, 59279 Craywick<\/p>\n<\/div><\/div>\n<\/div>\n<\/div>\n<\/div>","protected":false},"excerpt":{"rendered":"","protected":false},"author":1,"featured_media":0,"parent":0,"menu_order":0,"comment_status":"closed","ping_status":"closed","template":"","meta":{"footnotes":""},"class_list":["post-11","page","type-page","status-publish","hentry"],"_links":{"self":[{"href":"https:\/\/estaminetsaintgilles.fr\/index.php\/wp-json\/wp\/v2\/pages\/11","targetHints":{"allow":["GET"]}}],"collection":[{"href":"https:\/\/estaminetsaintgilles.fr\/index.php\/wp-json\/wp\/v2\/pages"}],"about":[{"href":"https:\/\/estaminetsaintgilles.fr\/index.php\/wp-json\/wp\/v2\/types\/page"}],"author":[{"embeddable":true,"href":"https:\/\/estaminetsaintgilles.fr\/index.php\/wp-json\/wp\/v2\/users\/1"}],"replies":[{"embeddable":true,"href":"https:\/\/estaminetsaintgilles.fr\/index.php\/wp-json\/wp\/v2\/comments?post=11"}],"version-history":[{"count":31,"href":"https:\/\/estaminetsaintgilles.fr\/index.php\/wp-json\/wp\/v2\/pages\/11\/revisions"}],"predecessor-version":[{"id":114,"href":"https:\/\/estaminetsaintgilles.fr\/index.php\/wp-json\/wp\/v2\/pages\/11\/revisions\/114"}],"wp:attachment":[{"href":"https:\/\/estaminetsaintgilles.fr\/index.php\/wp-json\/wp\/v2\/media?parent=11"}],"curies":[{"name":"wp","href":"https:\/\/api.w.org\/{rel}","templated":true}]}}